{"id":2210,"date":"2019-06-14T10:23:22","date_gmt":"2019-06-14T10:23:22","guid":{"rendered":"http:\/\/www.balnearicaldetes.cat\/es\/?page_id=2210"},"modified":"2019-06-14T10:23:22","modified_gmt":"2019-06-14T10:23:22","slug":"politica-de-privacidad","status":"publish","type":"page","link":"https:\/\/www.balnearicaldetes.cat\/es\/politica-de-privacidad\/","title":{"rendered":"Pol\u00edtica de privacidad"},"content":{"rendered":"<p><strong>POL\u00cdTICA DE PRIVACIDAD, PARA EL TRATAMIENTO DE DATOS DE CAR\u00c1CTER PERSONAL.<\/strong><\/p>\n<p>Las presente Pol\u00edtica de Protecci\u00f3n de datos regula el tratamiento de datos personales facilitados por el Usuario a trav\u00e9s del portal de Internet (en adelante, el \u201cPortal\u201d) que AIG\u00dcES TERMALS CALDES, S.L. (en adelante EL TITULAR DEL PORTAL) pone a disposici\u00f3n de los usuarios de Internet. La presente Pol\u00edtica forma parte integrante del Aviso Legal accesible en todo momento desde el Portal.<\/p>\n<p>El Usuario garantiza que los datos aportados son verdaderos, exactos, completos y actualizados, siendo responsable de cualquier da\u00f1o o perjuicio, directo o indirecto, que pudiera ocasionarse como consecuencia del incumplimiento de tal obligaci\u00f3n. En el caso de que los datos aportados pertenecieran a un tercero, el Usuario garantiza que ha informado a dicho tercero de los aspectos contenidos en este documento y obtenido su autorizaci\u00f3n para facilitar sus datos a EL TITULAR DEL PORTAL para los fines se\u00f1alados.<\/p>\n<p>El Portal puede ofrecer funcionalidades para compartir contenidos a trav\u00e9s de aplicaciones de terceros, como Facebook, Twitter, Instagram, etc. Estas aplicaciones o redes sociales pueden recoger y tratar informaci\u00f3n relacionada con la navegaci\u00f3n del usuario en los diferentes sitios webs. Cualquier informaci\u00f3n personal que se recabada a trav\u00e9s de estas aplicaciones, puede ser utilizada por terceros usuarios de las mismas, y sus interacciones est\u00e1n sometidas a las pol\u00edticas de privacidad de las compa\u00f1\u00edas que facilitan las aplicaciones.<\/p>\n<p>El Portal puede alojar blogs, foros, y otras aplicaciones o servicios de redes sociales con la finalidad de facilitar el intercambio de conocimiento y contenido. Cualquier informaci\u00f3n personal que se facilite por el usuario puede ser compartida con otros usuarios de ese servicio, sobre los cuales EL TITULAR DEL PORTAL no tiene control alguno.<\/p>\n<p>Con objeto de ofrecer informaci\u00f3n o servicios de inter\u00e9s en funci\u00f3n de la localizaci\u00f3n del Usuario, PORTAL podr\u00e1 acceder a datos relativos a la geolocalizaci\u00f3n del dispositivo del Usuario, en aquellos casos en que la configuraci\u00f3n del usuario al efecto as\u00ed lo permita.<\/p>\n<p>A efectos de seguridad t\u00e9cnica y diagn\u00f3stico de sistemas, de forma anonimizada o agregada, PORTAL podr\u00e1 registrar la direcci\u00f3n IP (n\u00famero de identificaci\u00f3n del acceso a Internet del dispositivo, que permite a los dispositivos, sistemas y servidores reconocerse y comunicarse entre s\u00ed). Dicha informaci\u00f3n podr\u00e1 ser tambi\u00e9n empleada con finalidades anal\u00edticas de rendimiento web.<\/p>\n<p>&nbsp;<\/p>\n<p><strong>\u00bfQui\u00e9n es el responsable del tratamiento de los datos personales del Usuario?<\/strong><br \/>\n<strong>Identidad<\/strong>: AIG\u00dcES TERMALS CALDES, S.L. es una sociedad espa\u00f1ola inscrita en el Registre Mercantil de Barcelona.<br \/>\n<strong>CIF<\/strong>: B65506271<br \/>\n<strong>Direcci\u00f3n postal<\/strong>: C\/ LA RIERA, 29, 08393 &#8211; CALDES D\u2019ESTRAC<br \/>\n<strong>Tel<\/strong>. +34 93 791 26 05<br \/>\n<strong>Correo electr\u00f3nico<\/strong>: info@balnearicaldetes.cat<br \/>\n<strong>Web<\/strong>: www.balnearicaldetes.cat<\/p>\n<p>&nbsp;<\/p>\n<p><strong>\u00bfCon qu\u00e9 finalidad tratamos los datos personales del Usuario?<\/strong><br \/>\nEL TITULAR DEL PORTAL trata la informaci\u00f3n facilitada por el Usuario con el fin de atender las solicitudes de diversa \u00edndole llevadas a cabo por parte de \u00e9ste. En funci\u00f3n de la naturaleza de la solicitud, la finalidad perseguir\u00e1 la gesti\u00f3n de:<br \/>\nGestionar el registro como usuario de la Plataforma: Los Datos Personales que nos aporte ser\u00e1n objeto de tratamiento para identificarle como usuario de la Plataforma y darle acceso a sus diferentes funcionalidades, productos y servicios que est\u00e1n a su disposici\u00f3n como usuario registrado.<br \/>\nContactar con el Usuario a trav\u00e9s de correo electr\u00f3nico, llamadas telef\u00f3nicas, env\u00edo de SMS u otros medios de comunicaci\u00f3n electr\u00f3nicos equivalentes, en relaci\u00f3n a actualizaciones o comunicaciones informativas relacionadas con las funcionalidades, productos o servicios contratados, incluidas actualizaciones de seguridad de la Plataforma, siempre que sea necesario o razonable para su ejecuci\u00f3n.<br \/>\nAtender las solicitudes o peticiones que realice el Usuario a trav\u00e9s de los canales de Atenci\u00f3n al Cliente disponibles sobre nuestra Plataforma o Tiendas F\u00edsicas, si las hubiese.<br \/>\nGestionar los Curriculums Vitae remitidos a trav\u00e9s del Portal.<br \/>\nLa participaci\u00f3n en blogs, mediante comentarios.<br \/>\nLas comunicaciones a trav\u00e9s de la L\u00ednea \u00c9tica o Whistle-blowingHotline, (v) encuestas.<br \/>\nComunicaciones electr\u00f3nicas de naturaleza informativa o publicitaria de nuestros productos y servicios de acuerdo con sus intereses.<\/p>\n<p>A efectos de seguridad t\u00e9cnica y diagn\u00f3stico de sistemas, de forma anonimizada o agregada, PORTAL podr\u00e1 registrar la direcci\u00f3n IP (n\u00famero de identificaci\u00f3n del acceso a Internet del dispositivo, que permite a los dispositivos, sistemas y servidores reconocerse y comunicarse entre s\u00ed). Dicha informaci\u00f3n podr\u00e1 ser tambi\u00e9n empleada con finalidades anal\u00edticas de rendimiento web.<\/p>\n<p>EL TITULAR DEL PORTAL podr\u00e1 elaborar un perfil comercial, en base a la informaci\u00f3n facilitada. No se tomar\u00e1n decisiones automatizadas en base a dicho perfil.<\/p>\n<p>En el supuesto de que el Usuario se registre en el Portal a trav\u00e9s del login social, EL TITULAR DEL PORTAL \u00fanicamente acceder\u00e1 a los datos personales del Usuario para los que haya prestado su consentimiento durante la configuraci\u00f3n del acceso de la red social de que se trate. Cualquier informaci\u00f3n facilitada en conexi\u00f3n con dichas aplicaciones sociales podr\u00eda ser accedida por miembros de la correspondiente red social, dichas interacciones se regir\u00e1n por las pol\u00edticas de privacidad de las entidades prestadoras de los servicios. EL TITULAR DEL PORTAL no dispone de ning\u00fan control ni responsabilidad respecto de dichas entidades o del uso que realicen de la informaci\u00f3n del usuario.<\/p>\n<p><strong>Informaci\u00f3n acerca del tratamiento de datos para env\u00edo de comunicaciones desde EL TITULAR DEL PORTAL.<\/strong><br \/>\nLos datos empleados, o facilitados, en las comunicaciones informativas y\/o promocionales son tratados por EL TITULAR DEL PORTAL para finalidades consistentes en el env\u00edo electr\u00f3nico de informaci\u00f3n y comunicaciones sobre servicios, actividades, publicaciones y acontecimientos y profesionales de EL TITULAR DEL PORTAL o del seguimiento y optimizaci\u00f3n de las campa\u00f1as de marketing realizadas mediante tecnolog\u00edas al efecto; y la elaboraci\u00f3n de perfiles con finalidades comerciales.<\/p>\n<p>El consentimiento para el env\u00edo de dichas comunicaciones podr\u00e1 ser revocado en todo momento en cada una de las comunicaciones recibidas mediante el mecanismo habilitado al efecto.<\/p>\n<p>El criterio de conservaci\u00f3n de los datos tendr\u00e1 base en la manifestaci\u00f3n contraria al tratamiento por su parte. En todo caso, Podr\u00e1 ejercer los derechos de acceso, rectificaci\u00f3n, limitaci\u00f3n, supresi\u00f3n, portabilidad y oposici\u00f3n, dirigiendo su petici\u00f3n a la direcci\u00f3n postal o bien a trav\u00e9s de correo electr\u00f3nico, indicados m\u00e1s arriba.<\/p>\n<p><strong>\u00bfCu\u00e1l es la legitimaci\u00f3n para el tratamiento de los datos personales del Usuario?<\/strong><br \/>\nLa base legal para el tratamiento de los datos es la legitimaci\u00f3n por consentimiento del Usuario o porque el tratamiento de sus datos sea necesario para la gesti\u00f3n y mantenimiento de un contrato suscrito con usted; igualmente, el tratamiento de sus datos puede ser necesario para cumplir con nuestras obligaciones legales y finalmente, podemos utilizar sus datos para conseguir un inter\u00e9s leg\u00edtimo, como poder contactar con el usuario y ofrecerles productos y servicios que puedan ser de su inter\u00e9s.<\/p>\n<p><strong>\u00bfPor cu\u00e1nto tiempo conservaremos los datos personales del Usuario?<\/strong><br \/>\nCon car\u00e1cter general, los datos personales proporcionados se conservar\u00e1n durante el tiempo necesario para atender la solicitud del Usuario o mientras no se solicite su supresi\u00f3n por el Usuario, sin perjuicio de los plazos de 5 \u00f3 10 a\u00f1os de prescripci\u00f3n de las acciones de responsabilidad derivadas de una relaci\u00f3n contractual, establecidos en el art\u00edculo 1964 del C\u00f3digo Civil y 121-20 C\u00f3digo Civil de Catalu\u00f1a, respectivamente, seg\u00fan sea de aplicaci\u00f3n uno u otro. En el caso concreto de curr\u00edculum los datos ser\u00e1n conservados durante el plazo necesario para realizar el proceso de selecci\u00f3n de personal, salvo indicaci\u00f3n en contrario por parte del interesado.<\/p>\n<p><strong>\u00bfA qu\u00e9 destinatarios se comunicar\u00e1n los datos personales del Usuario?<\/strong><br \/>\nEL TITULAR DEL PORTAL se apoya en diversos proveedores de servicios para poder ofrecer los productos y servicios mencionados, como servicios inform\u00e1ticos y de almacenamiento. Es por ello que procederemos a comunicar sus datos cuando sea necesario para cumplir con las finalidades mencionadas en la presente Pol\u00edtica de Protecci\u00f3n de Datos.<\/p>\n<p>As\u00ed mismo, los datos podr\u00e1n ser cedidos a administraciones y organismos p\u00fablicos para el cumplimiento de obligaciones directamente exigibles a EL TITULAR DEL PORTAL.<\/p>\n<p>\u00bfCu\u00e1les son los derechos del Usuario cuando nos facilita sus datos personales?<br \/>\nEl Usuario tiene derecho a obtener confirmaci\u00f3n sobre si EL TITULAR DEL PORTAL trata datos personales que le conciernen, as\u00ed como a acceder a sus datos personales, solicitar la rectificaci\u00f3n de los datos inexactos o, en su caso, solicitar su supresi\u00f3n cuando, entre otros motivos, los datos ya no sean necesarios para los fines que fueron recogidos.<\/p>\n<p>En determinadas circunstancias, el Usuario podr\u00e1 solicitar la limitaci\u00f3n del tratamiento de sus datos, en cuyo caso \u00fanicamente se conservar\u00e1n para el ejercicio o la defensa de reclamaciones.<\/p>\n<p>En determinadas circunstancias y por motivos relacionados con su situaci\u00f3n particular, el Usuario podr\u00e1 oponerse al tratamiento de sus datos. EL TITULAR DEL PORTAL cesar\u00e1 en el tratamiento de los datos, salvo por motivos leg\u00edtimos imperiosos, o el ejercicio o la defensa de posibles reclamaciones.<\/p>\n<p>El Usuario podr\u00e1 plantear las cuestiones que considere en relaci\u00f3n a la presente Pol\u00edtica as\u00ed como ejercer sus derechos en los t\u00e9rminos legalmente previstos debiendo para ello dirigir una comunicaci\u00f3n mediante correo postal o electr\u00f3nico a EL TITULAR DEL PORTAL, a la direcci\u00f3n postal indicada m\u00e1s arriba o bien a trav\u00e9s de correo electr\u00f3nico anteriormente indicado, con indicaci\u00f3n de la solicitud correspondiente y acompa\u00f1ado de copia del DNI o documento acreditativo de la identidad.<\/p>\n<p>Igualmente, el interesado dispondr\u00e1 del derecho a revocar el consentimiento prestado en cualquier momento y podr\u00e1 dirigirse a la Agencia Espa\u00f1ola de Protecci\u00f3n de Datos para presentar la reclamaci\u00f3n que considere oportuna.<\/p>\n<p>&nbsp;<\/p>\n<p><strong>CONDICIONES DE USO<\/strong><br \/>\nPROPIEDAD INTELECTUAL E INDUSTRIAL Y USO DE LOS CONTENIDOS:<\/p>\n<p>Los textos, im\u00e1genes, sonido, video, dise\u00f1os interactivos de pantalla, dise\u00f1os gr\u00e1ficos, informaciones generales o especializadas y el resto de los contenidos de esta Web son propiedad de EL TITULAR DEL PORTAL o de terceros que han licenciado a EL TITULAR DEL PORTAL para su uso.<\/p>\n<p>Todos los logotipos, marcas y dise\u00f1os industriales que aparecen en esta Web forman parte de los derechos de propiedad industrial de EL TITULAR DEL PORTAL quedando prohibida cualquier modalidad de reproducci\u00f3n, distribuci\u00f3n, comunicaci\u00f3n p\u00fablica y transformaci\u00f3n sin la expresa autorizaci\u00f3n de EL TITULAR DEL PORTAL Se proh\u00edbe la divulgaci\u00f3n, utilizaci\u00f3n, transmisi\u00f3n, distribuci\u00f3n, reproducci\u00f3n y transformaci\u00f3n, total o parcial, en cualquier soporte o medio, de los contenidos de esta Web sin el previo y expreso consentimiento de EL TITULAR DEL PORTAL, salvo que se indique lo contrario o su uso sea a t\u00edtulo personal y no vulnere los derechos reconocidos a EL TITULAR DEL PORTAL., y no supone la concesi\u00f3n de licencia alguna al usuario. Queda terminantemente prohibida su utilizaci\u00f3n para fines comerciales, promocionales o contrarias a la ley, la moral o el orden p\u00fablico, que pudieran lesionar los intereses o perjudicar la imagen del Titular o de terceros leg\u00edtimos, as\u00ed como su distribuci\u00f3n, modificaci\u00f3n, alteraci\u00f3n o descompilaci\u00f3n.<\/p>\n<p>No se permite la modificaci\u00f3n de los originales de este Site en modo alguno, o la reproducci\u00f3n, exhibici\u00f3n p\u00fablica, presentaci\u00f3n o distribuci\u00f3n o cualquier otra utilizaci\u00f3n de los mismos para alguna finalidad comercial o p\u00fablica, a menos que EL TITULAR DEL PORTAL as\u00ed le autorice previa y expresamente por escrito para determinados materiales. A los efectos de estas Condiciones, est\u00e1 prohibido cualquier uso de estos materiales en cualquier otro web site o en un entorno inform\u00e1tico en red, cualquiera que fuera la finalidad. La autorizaci\u00f3n concedida para utilizar este Site se entender\u00e1 autom\u00e1ticamente terminada en caso de infringir cualquiera de estas Condiciones, estando obligado a destruir inmediatamente cualquier informaci\u00f3n obtenida o impresa del Site.<\/p>\n<p>EXCLUSI\u00d3N DE RESPONSABILIDADES:<\/p>\n<p>EL TITULAR DEL PORTAL no garantiza que la informaci\u00f3n de este sitio Web sea correcta, est\u00e9 actualizada ni sea completa, y este sitio puede contener imprecisiones t\u00e9cnicas o errores tipogr\u00e1ficos.<\/p>\n<p>EL TITULAR DEL PORTAL no asume ninguna responsabilidad (y rechaza expresamente cualquier responsabilidad) sobre la actualizaci\u00f3n de este sitio para mantener la informaci\u00f3n actualizada ni garantiza que la informaci\u00f3n publicada sea precisa ni completa. Por lo tanto, el usuario debe confirmar que la informaci\u00f3n publicada sea precisa y completa antes de tomar ninguna decisi\u00f3n relacionada con cualquier servicio, producto o tema descrito en este sitio.<\/p>\n<p>EL TITULAR DEL PORTAL tampoco asume responsabilidad por los da\u00f1os y perjuicios que el usuario pueda sufrir por la falta de disponibilidad o de funcionamiento del site y\/o de todos o algunos de sus elementos, informaciones, servicios, contenidos, etc., o por la falta de veracidad o exactitud de cualquiera de ellos, as\u00ed como por los da\u00f1os y perjuicios que el usuario pueda sufrir a trav\u00e9s de espacios accesibles de internet, como p\u00e1ginas web, etc., mediante hiperv\u00ednculos o links establecidos en el site.<\/p>\n<p>NOMBRE DE USUARIO Y CLAVE DE ACCESO:<\/p>\n<p>En caso de que alguna p\u00e1gina de este Site requiera el uso de claves de acceso, usted ser\u00e1 responsable de protegerla frente a usos y revelaciones no autorizadas. Cualquier uso de este Site empleando su nombre y clave de acceso ser\u00e1 responsabilidad suya. Informe inmediatamente a EL TITULAR DEL PORTAL en caso de que advierta cualquier uso o revelaci\u00f3n no autorizada de su clave de acceso. El usuario tan s\u00f3lo podr\u00e1 elegir como clave palabras, n\u00fameros o conjuntos de ambos que no sean contrarios a la ley, la moral, las buenas costumbres generalmente aceptadas o el orden p\u00fablico. Queda prohibida la utilizaci\u00f3n de claves que, de cualquier manera, supongan violaci\u00f3n del derecho de propiedad industrial e intelectual, o coincidan o se asemejen a denominaciones sociales o eslogan publicitarios, cuando carezca de justo t\u00edtulo para hacerlo. Los da\u00f1os y perjuicios que sufra el propio usuario, o genere a terceros, como consecuencia de utilizar claves y contrase\u00f1as de acceso que vulneren lo aqu\u00ed dispuesto ser\u00e1n de la \u00fanica y exclusiva responsabilidad del usuario.<\/p>\n<p>CONEXIONES A OTROS WEB SITES:<\/p>\n<p>Las conexiones de este Site a web sites de terceros se han establecido \u00fanicamente como una utilidad para el usuario. En caso de utilizar dichas conexiones, se abandonar\u00e1 este Site. EL TITULAR DEL PORTAL no ha revisado todos los websites de terceros, y no controla ni es responsable de los mismos o de su contenido. En consecuencia, EL TITULAR DEL PORTAL, no respalda ni hace declaraci\u00f3n alguna respecto a dichos web sites, o cualquier informaci\u00f3n, software u otros productos o materiales que se encuentren en los mismos, o cualquier resultado que pueda lograrse mediante su utilizaci\u00f3n. El usuario ser\u00e1 el \u00fanico responsable en caso de decidir acceder a cualquiera de los websites de terceros conectados a este Site.<\/p>\n<p>MODIFICACIONES Y ACTUALIZACIONES:<\/p>\n<p>EL TITULAR DEL PORTAL se reserva el derecho de efectuar sin previo aviso las modificaciones que considere oportunas en su p\u00e1gina web, pudiendo cambiar, suprimir o a\u00f1adir tanto los contendidos y servicios que se presten a trav\u00e9s de la misma como la forma en la que \u00e9stos aparezcan presentados o localizados en su website.<\/p>\n<p>TRADUCCIONES:<\/p>\n<p>El texto de este sitio Web puede estar disponible en idiomas que no sean el espa\u00f1ol. El texto puede haber sido traducido por una persona o por un software inform\u00e1tico, sin intervenci\u00f3n ni revisi\u00f3n humana. Estas traducciones se proporcionan para su comodidad, y EL TITULAR DEL PORTAL no garantiza que la traducci\u00f3n sea precisa o completa, tanto si es una traducci\u00f3n autom\u00e1tica como si la ha realizado una persona.<\/p>\n<p>LEY APLICABLE Y FORO:<\/p>\n<p>EL TITULAR DEL PORTAL perseguir\u00e1 el incumplimiento de las anteriores condiciones de Uso como cualquier utilizaci\u00f3n indebida de su website ejerciendo todas las acciones civiles y penales que le puedan corresponder en derecho.<\/p>\n<p>Para dirimir las posibles cuestiones sobre el uso de esta web o sus contenidos se regir\u00e1n y se interpretar\u00e1n conforme a las presentes Condiciones de Uso, el Aviso Legal y la legislaci\u00f3n espa\u00f1ola, someti\u00e9ndose las partes, salvo que una ley no lo permita, a la Jurisdicci\u00f3n de los Juzgados y Tribunales de Barcelona, con renuncia de forma expresa a cualquier otro foro que pudiera corresponderles en virtud de su domicilio.<br \/>\n<strong>POL\u00cdTICA DE COOKIES<\/strong><br \/>\nDEFINICI\u00d3N Y FUNCI\u00d3N DE LAS COOKIES<\/p>\n<p>\u00bfQu\u00e9 son las cookies? Una cookie es un archivo que se descarga en su ordenador al acceder a determinadas p\u00e1ginas web. Las cookies permiten a una p\u00e1gina web, entre otras cosas, almacenar y recuperar informaci\u00f3n sobre los h\u00e1bitos de navegaci\u00f3n de un usuario o de su equipo y, dependiendo de la informaci\u00f3n que contengan y de la forma en que utilice su equipo, se pueden utilizar para reconocer al usuario.<\/p>\n<p>La informaci\u00f3n recabada a trav\u00e9s de las cookies puede incluir la fecha y hora de visitas al Sitio Web, las p\u00e1ginas visionadas, el tiempo que ha estado en nuestro Sitio Web y los sitios visitados justo antes y despu\u00e9s del mismo.<\/p>\n<p>Al navegar y continuar en nuestro Sitio Web estar\u00e1 consintiendo el uso de las cookies antes enunciadas, por los plazos se\u00f1alados y en las condiciones contenidas en la presente Pol\u00edtica de Cookies.<\/p>\n<p>\u00bfQU\u00c9 TIPOS DE COOKIES UTILIZA ESTA P\u00c1GINA WEB?<\/p>\n<p>Cookies t\u00e9cnicas: son un tipo de cookies dise\u00f1adas para recabar y almacenar datos mientras el usuario accede a la web por ejemplo sin car\u00e1cter exhaustivo para la selecci\u00f3n del idioma o de sesi\u00f3n.<\/p>\n<p>Cookies de an\u00e1lisis: son aquellas que ya sea porque son tratadas por nosotros o por terceros, nos permiten cuantificar el n\u00famero de usuarios y as\u00ed realizar la medici\u00f3n y an\u00e1lisis estad\u00edstico de la utilizaci\u00f3n que hacen los usuarios del servicio ofrecido. Para ello se analiza su navegaci\u00f3n en nuestra p\u00e1gina web con el fin de mejorar la oferta de productos o servicios que le ofrecemos.<\/p>\n<p>FORMA DE DESACTIVAR O ELIMINAR LAS COOKIES<\/p>\n<p>Usted puede permitir, bloquear o eliminar las cookies instaladas en su equipo mediante la configuraci\u00f3n de las opciones del navegador instalado en su ordenador.<\/p>\n<p>En caso de que no acepte las cookies es posible que la p\u00e1gina web no funcione correctamente.<\/p>\n<p>Si quisiese retirar en cualquier momento su consentimiento relacionado con la presente Pol\u00edtica de Cookies, deber\u00e1 eliminar las cookies almacenadas en su equipo (ordenador o dispositivo m\u00f3vil) a trav\u00e9s de los ajustes y configuraciones de su navegador de Internet. Salvo que haya ajustado la configuraci\u00f3n de su navegador, nuestro sistema crear\u00e1 cookies en cuanto visite nuestro Sitio Web.<\/p>\n<p>INFORMACI\u00d3N SOBRE LA IDENTIFICACI\u00d3N DE QUIEN UTILIZA LAS COOKIES<\/p>\n<p>La informaci\u00f3n obtenida por las cookies es tratada s\u00f3lo por el titular de la web que ha contratado la prestaci\u00f3n del servicio con Google Analytics. En su web side podr\u00e1 acceder a sus condiciones legales.<\/p>\n<p>&nbsp;<\/p>\n","protected":false},"excerpt":{"rendered":"<p>POL\u00cdTICA DE PRIVACIDAD, PARA EL TRATAMIENTO DE DATOS DE CAR\u00c1CTER PERSONAL. Las presente Pol\u00edtica de Protecci\u00f3n de datos regula el tratamiento de datos personales facilitados por el Usuario a trav\u00e9s del portal de Internet (en adelante, el \u201cPortal\u201d) que AIG\u00dcES TERMALS CALDES, S.L. (en adelante EL TITULAR DEL PORTAL) pone a disposici\u00f3n de los usuarios<a class=\"excerpt-read-more\" href=\"https:\/\/www.balnearicaldetes.cat\/es\/politica-de-privacidad\/\" title=\"ReadPol\u00edtica de privacidad\">&#8230; Read more &raquo;<\/a><\/p>\n","protected":false},"author":1,"featured_media":0,"parent":0,"menu_order":0,"comment_status":"closed","ping_status":"closed","template":"","meta":[],"acf":[],"_links":{"self":[{"href":"https:\/\/www.balnearicaldetes.cat\/es\/wp-json\/wp\/v2\/pages\/2210"}],"collection":[{"href":"https:\/\/www.balnearicaldetes.cat\/es\/wp-json\/wp\/v2\/pages"}],"about":[{"href":"https:\/\/www.balnearicaldetes.cat\/es\/wp-json\/wp\/v2\/types\/page"}],"author":[{"embeddable":true,"href":"https:\/\/www.balnearicaldetes.cat\/es\/wp-json\/wp\/v2\/users\/1"}],"replies":[{"embeddable":true,"href":"https:\/\/www.balnearicaldetes.cat\/es\/wp-json\/wp\/v2\/comments?post=2210"}],"version-history":[{"count":1,"href":"https:\/\/www.balnearicaldetes.cat\/es\/wp-json\/wp\/v2\/pages\/2210\/revisions"}],"predecessor-version":[{"id":2213,"href":"https:\/\/www.balnearicaldetes.cat\/es\/wp-json\/wp\/v2\/pages\/2210\/revisions\/2213"}],"wp:attachment":[{"href":"https:\/\/www.balnearicaldetes.cat\/es\/wp-json\/wp\/v2\/media?parent=2210"}],"curies":[{"name":"wp","href":"https:\/\/api.w.org\/{rel}","templated":true}]}}